{"id":1551,"date":"2025-04-01T16:47:11","date_gmt":"2025-04-01T21:47:11","guid":{"rendered":"http:\/\/localhost\/paola\/?post_type=product&#038;p=1551"},"modified":"2025-05-30T17:59:33","modified_gmt":"2025-05-30T22:59:33","slug":"programa-alimentacion-pelo-autoinmune","status":"publish","type":"product","link":"https:\/\/paovarelabienestar.com\/paola\/index.php\/product\/programa-alimentacion-pelo-autoinmune\/","title":{"rendered":"Programa Alimentaci\u00f3n Pelo Autoinmune"},"content":{"rendered":"<p>Paola fue diagnosticada con una condici\u00f3n autoinmune, cansada de buscar respuestas y soluciones infructuosas en la medicina convencional decidido seguir el camino de la alimentaci\u00f3n, conoci\u00f3 el Protocolo de Alimentaci\u00f3n Paleo Autoinmune obteniendo muy buenos resultados, ha asesorado a otras personas con diferentes condiciones autoinmunes quienes han obtenido muy buenos resultados, han desinflamado su cuerpo, disminuido s\u00edntomas, han mejorado su salud, energ\u00eda y vitalidad. El programa Alimentaci\u00f3n Paleo Autoinmune tiene una duraci\u00f3n de tres (3) meses.<\/p>\n","protected":false},"excerpt":{"rendered":"<p>Paola fue diagnosticada con una condici\u00f3n autoinmune, cansada de buscar respuestas y soluciones infructuosas en la medicina convencional decidido seguir el camino de la alimentaci\u00f3n, conoci\u00f3 el Protocolo de Alimentaci\u00f3n Paleo Autoinmune obteniendo muy buenos resultados, ha asesorado a otras personas con diferentes condiciones autoinmunes quienes han obtenido muy buenos resultados, han desinflamado su cuerpo,&#8230;<\/p>\n","protected":false},"featured_media":1708,"comment_status":"open","ping_status":"closed","template":"","meta":{"_bst_post_transparent":"default","_bst_post_title":"","_bst_post_layout":"default","_bst_post_sidebar_id":"","_bst_post_content_style":"default","_bst_post_vertical_padding":"default","_bst_post_feature":"","_bst_post_feature_position":"","_bst_post_header":false,"_bst_post_footer":false},"product_brand":[],"product_cat":[81],"product_tag":[],"product_brands":[],"class_list":{"0":"post-1551","1":"product","2":"type-product","3":"status-publish","4":"has-post-thumbnail","6":"product_cat-servpersonal","8":"first","9":"instock","10":"shipping-taxable","11":"purchasable","12":"product-type-simple","13":"entry","14":"content-bg","15":"loop-entry"},"_links":{"self":[{"href":"https:\/\/paovarelabienestar.com\/paola\/index.php\/wp-json\/wp\/v2\/product\/1551","targetHints":{"allow":["GET"]}}],"collection":[{"href":"https:\/\/paovarelabienestar.com\/paola\/index.php\/wp-json\/wp\/v2\/product"}],"about":[{"href":"https:\/\/paovarelabienestar.com\/paola\/index.php\/wp-json\/wp\/v2\/types\/product"}],"replies":[{"embeddable":true,"href":"https:\/\/paovarelabienestar.com\/paola\/index.php\/wp-json\/wp\/v2\/comments?post=1551"}],"wp:featuredmedia":[{"embeddable":true,"href":"https:\/\/paovarelabienestar.com\/paola\/index.php\/wp-json\/wp\/v2\/media\/1708"}],"wp:attachment":[{"href":"https:\/\/paovarelabienestar.com\/paola\/index.php\/wp-json\/wp\/v2\/media?parent=1551"}],"wp:term":[{"taxonomy":"product_brand","embeddable":true,"href":"https:\/\/paovarelabienestar.com\/paola\/index.php\/wp-json\/wp\/v2\/product_brand?post=1551"},{"taxonomy":"product_cat","embeddable":true,"href":"https:\/\/paovarelabienestar.com\/paola\/index.php\/wp-json\/wp\/v2\/product_cat?post=1551"},{"taxonomy":"product_tag","embeddable":true,"href":"https:\/\/paovarelabienestar.com\/paola\/index.php\/wp-json\/wp\/v2\/product_tag?post=1551"},{"taxonomy":"product_brands","embeddable":true,"href":"https:\/\/paovarelabienestar.com\/paola\/index.php\/wp-json\/wp\/v2\/product_brands?post=1551"}],"curies":[{"name":"wp","href":"https:\/\/api.w.org\/{rel}","templated":true}]}}