{"id":1552,"date":"2025-04-01T16:48:20","date_gmt":"2025-04-01T21:48:20","guid":{"rendered":"http:\/\/localhost\/paola\/?post_type=product&#038;p=1552"},"modified":"2025-05-30T18:46:29","modified_gmt":"2025-05-30T23:46:29","slug":"programa-sana-mujer","status":"publish","type":"product","link":"https:\/\/paovarelabienestar.com\/paola\/index.php\/product\/programa-sana-mujer\/","title":{"rendered":"Programa SANA Mujer"},"content":{"rendered":"<p data-start=\"112\" data-end=\"181\"><strong data-start=\"112\" data-end=\"181\">Un viaje de transformaci\u00f3n para reconectar con tu poder interior.<\/strong><\/p>\n<p data-start=\"183\" data-end=\"307\">Un programa integral en 4 m\u00f3dulos que te gu\u00eda paso a paso hacia una vida m\u00e1s saludable, consciente y alineada contigo misma.<\/p>\n<p data-start=\"309\" data-end=\"451\">\ud83c\udf3f <strong data-start=\"312\" data-end=\"345\">Alimentaci\u00f3n antiinflamatoria<\/strong><br data-start=\"345\" data-end=\"348\" \/>\ud83e\udde0 <strong data-start=\"351\" data-end=\"376\">Reprogramaci\u00f3n mental<\/strong><br data-start=\"376\" data-end=\"379\" \/>\ud83d\udc93 <strong data-start=\"382\" data-end=\"416\">Gesti\u00f3n emocional y del estr\u00e9s<\/strong><br data-start=\"416\" data-end=\"419\" \/>\ud83c\udf3a <strong data-start=\"422\" data-end=\"451\">Autoconocimiento profundo<\/strong><\/p>\n<p data-start=\"453\" data-end=\"595\">Dise\u00f1ado para mujeres que est\u00e1n listas para un cambio real, desde adentro hacia afuera.<br data-start=\"540\" data-end=\"543\" \/><strong data-start=\"543\" data-end=\"595\">Es tu momento de sanar, renacer y transformarte.<\/strong><\/p>\n","protected":false},"excerpt":{"rendered":"<p>Despu\u00e9s de una crisis personal, profesional y de pareja, Pao Varela logro transformar su vida y dar un giro de 180\u00b0, todos los conocimientos, metodolog\u00edas y herramientas que aplico en su vida est\u00e1n condensadas en el programa SANA Mujer, con el cual Pao Varela ayuda a otras mujeres que como ella est\u00e1n pasando por un momento de oscuridad en su vida. SANA mujer tiene 4 pilares: alimentaci\u00f3n consciente, mentalidad, autoconocimiento y gesti\u00f3n emocional y del estr\u00e9s.<\/p>\n<p>SANA mujer es una mentor\u00eda 1:1, totalmente personalizada en sesiones en vivo o presenciales (si estas en Cali) con Pao Varela. Despu\u00e9s de terminar<\/p>\n","protected":false},"featured_media":1715,"comment_status":"open","ping_status":"closed","template":"","meta":{"_bst_post_transparent":"default","_bst_post_title":"","_bst_post_layout":"default","_bst_post_sidebar_id":"","_bst_post_content_style":"default","_bst_post_vertical_padding":"default","_bst_post_feature":"","_bst_post_feature_position":"","_bst_post_header":false,"_bst_post_footer":false},"product_brand":[],"product_cat":[81],"product_tag":[],"product_brands":[],"class_list":{"0":"post-1552","1":"product","2":"type-product","3":"status-publish","4":"has-post-thumbnail","6":"product_cat-servpersonal","8":"first","9":"instock","10":"shipping-taxable","11":"product-type-simple","12":"entry","13":"content-bg","14":"loop-entry"},"_links":{"self":[{"href":"https:\/\/paovarelabienestar.com\/paola\/index.php\/wp-json\/wp\/v2\/product\/1552","targetHints":{"allow":["GET"]}}],"collection":[{"href":"https:\/\/paovarelabienestar.com\/paola\/index.php\/wp-json\/wp\/v2\/product"}],"about":[{"href":"https:\/\/paovarelabienestar.com\/paola\/index.php\/wp-json\/wp\/v2\/types\/product"}],"replies":[{"embeddable":true,"href":"https:\/\/paovarelabienestar.com\/paola\/index.php\/wp-json\/wp\/v2\/comments?post=1552"}],"wp:featuredmedia":[{"embeddable":true,"href":"https:\/\/paovarelabienestar.com\/paola\/index.php\/wp-json\/wp\/v2\/media\/1715"}],"wp:attachment":[{"href":"https:\/\/paovarelabienestar.com\/paola\/index.php\/wp-json\/wp\/v2\/media?parent=1552"}],"wp:term":[{"taxonomy":"product_brand","embeddable":true,"href":"https:\/\/paovarelabienestar.com\/paola\/index.php\/wp-json\/wp\/v2\/product_brand?post=1552"},{"taxonomy":"product_cat","embeddable":true,"href":"https:\/\/paovarelabienestar.com\/paola\/index.php\/wp-json\/wp\/v2\/product_cat?post=1552"},{"taxonomy":"product_tag","embeddable":true,"href":"https:\/\/paovarelabienestar.com\/paola\/index.php\/wp-json\/wp\/v2\/product_tag?post=1552"},{"taxonomy":"product_brands","embeddable":true,"href":"https:\/\/paovarelabienestar.com\/paola\/index.php\/wp-json\/wp\/v2\/product_brands?post=1552"}],"curies":[{"name":"wp","href":"https:\/\/api.w.org\/{rel}","templated":true}]}}